{"id":148,"date":"2024-07-26T13:39:13","date_gmt":"2024-07-26T13:39:13","guid":{"rendered":"https:\/\/web.elmazajkonstruksion.com\/?page_id=148"},"modified":"2024-07-26T14:30:46","modified_gmt":"2024-07-26T14:30:46","slug":"projektet","status":"publish","type":"page","link":"https:\/\/web.elmazajkonstruksion.com\/index.php\/projektet\/","title":{"rendered":"Projektet"},"content":{"rendered":"\n<p class=\"has-text-align-center\"><strong>Ndertime Civile<\/strong><\/p>\n\n\n\n<div class=\"wp-block-carousel-slider-slider\"><div class=\"carousel-slider-outer carousel-slider-outer-image-carousel carousel-slider-outer-176\" style=\"--carousel-slider-nav-color:#f1f1f1;--carousel-slider-active-nav-color:#00d1b2;--carousel-slider-arrow-size:48px;--carousel-slider-bullet-size:10px\">\n<div id=\"&#039;id-176\" class=\"carousel-slider carousel-slider-176 arrows-visibility-always dots-visibility-never arrows-outside dots-center dots-circle owl-carousel\" data-slide-type=\"image-carousel\" data-owl-settings='{\"nav\":true,\"dots\":false,\"slideBy\":1,\"stagePadding\":1,\"margin\":10,\"loop\":true,\"lazyLoad\":false,\"autoplay\":true,\"autoplayTimeout\":5000,\"autoplaySpeed\":500,\"autoplayHoverPause\":true,\"autoWidth\":false,\"items\":1}'>\n<div class=\"carousel-slider__item\">\n\t<img loading=\"lazy\" decoding=\"async\" width=\"1600\" height=\"1200\" src=\"https:\/\/web.elmazajkonstruksion.com\/wp-content\/uploads\/2024\/07\/5c5dfea7-bcfd-4aba-b8a9-9df2c7bf7230.jpg\" class=\"attachment-full size-full\" alt=\"\" srcset=\"https:\/\/web.elmazajkonstruksion.com\/wp-content\/uploads\/2024\/07\/5c5dfea7-bcfd-4aba-b8a9-9df2c7bf7230.jpg 1600w, https:\/\/web.elmazajkonstruksion.com\/wp-content\/uploads\/2024\/07\/5c5dfea7-bcfd-4aba-b8a9-9df2c7bf7230-300x225.jpg 300w, https:\/\/web.elmazajkonstruksion.com\/wp-content\/uploads\/2024\/07\/5c5dfea7-bcfd-4aba-b8a9-9df2c7bf7230-1024x768.jpg 1024w, https:\/\/web.elmazajkonstruksion.com\/wp-content\/uploads\/2024\/07\/5c5dfea7-bcfd-4aba-b8a9-9df2c7bf7230-768x576.jpg 768w, https:\/\/web.elmazajkonstruksion.com\/wp-content\/uploads\/2024\/07\/5c5dfea7-bcfd-4aba-b8a9-9df2c7bf7230-1536x1152.jpg 1536w\" sizes=\"auto, (max-width: 1600px) 100vw, 1600px\" \/><\/a><\/div>\n\n<div class=\"carousel-slider__item\">\n\t<img loading=\"lazy\" decoding=\"async\" width=\"1600\" height=\"1200\" src=\"https:\/\/web.elmazajkonstruksion.com\/wp-content\/uploads\/2024\/07\/3b20aea7-1b81-4f96-9f20-5c53f289fcc5.jpg\" class=\"attachment-full size-full\" alt=\"\" srcset=\"https:\/\/web.elmazajkonstruksion.com\/wp-content\/uploads\/2024\/07\/3b20aea7-1b81-4f96-9f20-5c53f289fcc5.jpg 1600w, https:\/\/web.elmazajkonstruksion.com\/wp-content\/uploads\/2024\/07\/3b20aea7-1b81-4f96-9f20-5c53f289fcc5-300x225.jpg 300w, https:\/\/web.elmazajkonstruksion.com\/wp-content\/uploads\/2024\/07\/3b20aea7-1b81-4f96-9f20-5c53f289fcc5-1024x768.jpg 1024w, https:\/\/web.elmazajkonstruksion.com\/wp-content\/uploads\/2024\/07\/3b20aea7-1b81-4f96-9f20-5c53f289fcc5-768x576.jpg 768w, https:\/\/web.elmazajkonstruksion.com\/wp-content\/uploads\/2024\/07\/3b20aea7-1b81-4f96-9f20-5c53f289fcc5-1536x1152.jpg 1536w\" sizes=\"auto, (max-width: 1600px) 100vw, 1600px\" \/><\/a><\/div>\n\n<div class=\"carousel-slider__item\">\n\t<img loading=\"lazy\" decoding=\"async\" width=\"1600\" height=\"1200\" src=\"https:\/\/web.elmazajkonstruksion.com\/wp-content\/uploads\/2024\/07\/8b938c11-d002-4f51-9695-cbb03919700c.jpg\" class=\"attachment-full size-full\" alt=\"\" srcset=\"https:\/\/web.elmazajkonstruksion.com\/wp-content\/uploads\/2024\/07\/8b938c11-d002-4f51-9695-cbb03919700c.jpg 1600w, https:\/\/web.elmazajkonstruksion.com\/wp-content\/uploads\/2024\/07\/8b938c11-d002-4f51-9695-cbb03919700c-300x225.jpg 300w, https:\/\/web.elmazajkonstruksion.com\/wp-content\/uploads\/2024\/07\/8b938c11-d002-4f51-9695-cbb03919700c-1024x768.jpg 1024w, https:\/\/web.elmazajkonstruksion.com\/wp-content\/uploads\/2024\/07\/8b938c11-d002-4f51-9695-cbb03919700c-768x576.jpg 768w, https:\/\/web.elmazajkonstruksion.com\/wp-content\/uploads\/2024\/07\/8b938c11-d002-4f51-9695-cbb03919700c-1536x1152.jpg 1536w\" sizes=\"auto, (max-width: 1600px) 100vw, 1600px\" \/><\/a><\/div>\n\n<\/div><!-- .carousel-slider-176 -->\n<\/div><!-- .carousel-slider-outer-176 -->\n<\/div>\n\n\n\n<p class=\"has-text-align-center\"><strong>Ndertimi i Rruges X<\/strong><\/p>\n\n\n\n<p>Rreth Projektit    <\/p>\n\n\n\n<p>A Parigi, il programma di tutte le gare:\u2026<br>1 giorno fa \u00b7 Discovery+ invece trasmetter\u00e0 ogni singolo evento dei Giochi di Parigi 2024. Eurosport sar\u00e0 il canale principale, poi ci sar\u00e0 Eurosport 1 e per l&#8217;occasione sono stati aggiunti altri dieci<\/p>\n\n\n\n<p><\/p>\n\n\n\n<p><\/p>\n\n\n\n<p><\/p>\n\n\n\n<p><\/p>\n\n\n\n<div class=\"wp-block-carousel-slider-slider\"><div class=\"carousel-slider-outer carousel-slider-outer-image-carousel carousel-slider-outer-185\" style=\"--carousel-slider-nav-color:#f1f1f1;--carousel-slider-active-nav-color:#00d1b2;--carousel-slider-arrow-size:48px;--carousel-slider-bullet-size:10px\">\n<div id=\"&#039;id-185\" class=\"carousel-slider carousel-slider-185 arrows-visibility-hover dots-visibility-never arrows-outside dots-center dots-circle owl-carousel\" data-slide-type=\"image-carousel\" data-owl-settings='{\"nav\":true,\"dots\":false,\"slideBy\":1,\"stagePadding\":0,\"margin\":10,\"loop\":true,\"lazyLoad\":false,\"autoplay\":true,\"autoplayTimeout\":5000,\"autoplaySpeed\":500,\"autoplayHoverPause\":true,\"autoWidth\":false,\"items\":1}'>\n<div class=\"carousel-slider__item\">\n\t<img loading=\"lazy\" decoding=\"async\" width=\"899\" height=\"1599\" src=\"https:\/\/web.elmazajkonstruksion.com\/wp-content\/uploads\/2024\/07\/7ff68bc3-420e-47a0-af89-e98140b34936.jpg\" class=\"attachment-full size-full\" alt=\"\" srcset=\"https:\/\/web.elmazajkonstruksion.com\/wp-content\/uploads\/2024\/07\/7ff68bc3-420e-47a0-af89-e98140b34936.jpg 899w, https:\/\/web.elmazajkonstruksion.com\/wp-content\/uploads\/2024\/07\/7ff68bc3-420e-47a0-af89-e98140b34936-169x300.jpg 169w, https:\/\/web.elmazajkonstruksion.com\/wp-content\/uploads\/2024\/07\/7ff68bc3-420e-47a0-af89-e98140b34936-576x1024.jpg 576w, https:\/\/web.elmazajkonstruksion.com\/wp-content\/uploads\/2024\/07\/7ff68bc3-420e-47a0-af89-e98140b34936-768x1366.jpg 768w, https:\/\/web.elmazajkonstruksion.com\/wp-content\/uploads\/2024\/07\/7ff68bc3-420e-47a0-af89-e98140b34936-864x1536.jpg 864w\" sizes=\"auto, (max-width: 899px) 100vw, 899px\" \/><\/a><\/div>\n\n<div class=\"carousel-slider__item\">\n\t<img loading=\"lazy\" decoding=\"async\" width=\"900\" height=\"1600\" src=\"https:\/\/web.elmazajkonstruksion.com\/wp-content\/uploads\/2024\/07\/0ed58353-6400-4b37-b191-c6a1eee7923a.jpg\" class=\"attachment-full size-full\" alt=\"\" srcset=\"https:\/\/web.elmazajkonstruksion.com\/wp-content\/uploads\/2024\/07\/0ed58353-6400-4b37-b191-c6a1eee7923a.jpg 900w, https:\/\/web.elmazajkonstruksion.com\/wp-content\/uploads\/2024\/07\/0ed58353-6400-4b37-b191-c6a1eee7923a-169x300.jpg 169w, https:\/\/web.elmazajkonstruksion.com\/wp-content\/uploads\/2024\/07\/0ed58353-6400-4b37-b191-c6a1eee7923a-576x1024.jpg 576w, https:\/\/web.elmazajkonstruksion.com\/wp-content\/uploads\/2024\/07\/0ed58353-6400-4b37-b191-c6a1eee7923a-768x1365.jpg 768w, https:\/\/web.elmazajkonstruksion.com\/wp-content\/uploads\/2024\/07\/0ed58353-6400-4b37-b191-c6a1eee7923a-864x1536.jpg 864w\" sizes=\"auto, (max-width: 900px) 100vw, 900px\" \/><\/a><\/div>\n\n<div class=\"carousel-slider__item\">\n\t<img loading=\"lazy\" decoding=\"async\" width=\"1058\" height=\"1600\" src=\"https:\/\/web.elmazajkonstruksion.com\/wp-content\/uploads\/2024\/07\/13f7c1ba-3103-4805-9f0d-3f0521795ae4.jpg\" class=\"attachment-full size-full\" alt=\"\" srcset=\"https:\/\/web.elmazajkonstruksion.com\/wp-content\/uploads\/2024\/07\/13f7c1ba-3103-4805-9f0d-3f0521795ae4.jpg 1058w, https:\/\/web.elmazajkonstruksion.com\/wp-content\/uploads\/2024\/07\/13f7c1ba-3103-4805-9f0d-3f0521795ae4-198x300.jpg 198w, https:\/\/web.elmazajkonstruksion.com\/wp-content\/uploads\/2024\/07\/13f7c1ba-3103-4805-9f0d-3f0521795ae4-677x1024.jpg 677w, https:\/\/web.elmazajkonstruksion.com\/wp-content\/uploads\/2024\/07\/13f7c1ba-3103-4805-9f0d-3f0521795ae4-768x1161.jpg 768w, https:\/\/web.elmazajkonstruksion.com\/wp-content\/uploads\/2024\/07\/13f7c1ba-3103-4805-9f0d-3f0521795ae4-1016x1536.jpg 1016w\" sizes=\"auto, (max-width: 1058px) 100vw, 1058px\" \/><\/a><\/div>\n\n<\/div><!-- .carousel-slider-185 -->\n<\/div><!-- .carousel-slider-outer-185 -->\n<\/div>\n\n\n\n<p class=\"has-text-align-center\"><strong>Rikonstruksioni i Rruges YYYY<\/strong><\/p>\n\n\n\n<p>Rreth projektit<\/p>\n\n\n\n<p>a Parigi, il programma di tutte le gare:\u2026<br>1 giorno fa \u00b7 Discovery+ invece trasmetter\u00e0 ogni singolo evento dei Giochi di Parigi 2024. Eurosport sar\u00e0 il canale principale, poi ci sar\u00e0 Eurosport 1 e per l&#8217;occasione sono stati aggiunti altri dieci<\/p>\n\n\n\n<p><\/p>\n\n\n\n<p><\/p>\n","protected":false},"excerpt":{"rendered":"<p>Ndertime Civile Ndertimi i Rruges X Rreth Projektit A Parigi, il programma di tutte le gare:\u20261 giorno fa \u00b7 Discovery+ invece trasmetter\u00e0 ogni singolo evento dei Giochi di Parigi 2024. Eurosport sar\u00e0 il canale principale, poi ci sar\u00e0 Eurosport 1 e per l&#8217;occasione sono stati aggiunti altri dieci Rikonstruksioni i Rruges YYYY Rreth projektit a [&hellip;]<\/p>\n","protected":false},"author":3,"featured_media":0,"parent":0,"menu_order":0,"comment_status":"closed","ping_status":"closed","template":"","meta":{"footnotes":""},"class_list":["post-148","page","type-page","status-publish","hentry"],"_links":{"self":[{"href":"https:\/\/web.elmazajkonstruksion.com\/index.php\/wp-json\/wp\/v2\/pages\/148","targetHints":{"allow":["GET"]}}],"collection":[{"href":"https:\/\/web.elmazajkonstruksion.com\/index.php\/wp-json\/wp\/v2\/pages"}],"about":[{"href":"https:\/\/web.elmazajkonstruksion.com\/index.php\/wp-json\/wp\/v2\/types\/page"}],"author":[{"embeddable":true,"href":"https:\/\/web.elmazajkonstruksion.com\/index.php\/wp-json\/wp\/v2\/users\/3"}],"replies":[{"embeddable":true,"href":"https:\/\/web.elmazajkonstruksion.com\/index.php\/wp-json\/wp\/v2\/comments?post=148"}],"version-history":[{"count":11,"href":"https:\/\/web.elmazajkonstruksion.com\/index.php\/wp-json\/wp\/v2\/pages\/148\/revisions"}],"predecessor-version":[{"id":201,"href":"https:\/\/web.elmazajkonstruksion.com\/index.php\/wp-json\/wp\/v2\/pages\/148\/revisions\/201"}],"wp:attachment":[{"href":"https:\/\/web.elmazajkonstruksion.com\/index.php\/wp-json\/wp\/v2\/media?parent=148"}],"curies":[{"name":"wp","href":"https:\/\/api.w.org\/{rel}","templated":true}]}}